{"id":10985,"date":"2025-11-05T17:33:00","date_gmt":"2025-11-05T16:33:00","guid":{"rendered":"https:\/\/patrick-fontaine.com\/blog\/?page_id=10985"},"modified":"2025-11-05T17:37:01","modified_gmt":"2025-11-05T16:37:01","slug":"blog","status":"publish","type":"page","link":"https:\/\/patrick-fontaine.com\/blog\/blog\/","title":{"rendered":"Blog"},"content":{"rendered":"\n<p class=\"has-text-align-center petiteSection\">Retrouvez mes articles parlant du m\u00e9tier d&rsquo;illustrateur et de graphiste&#160;: logiciels, workflow, tests, etc.<\/p>\n\n\n\n<div class=\"wp-block-group alignfull petiteSection\"><div class=\"wp-block-group__inner-container is-layout-flow wp-block-group-is-layout-flow\"><ul class=\"wp-block-latest-posts__list alignleft tw-mt-8 tw-heading-size-medium tw-stretched-link tw-hide-more-link is-style-tw-posts-border wp-block-latest-posts\"><li><div class=\"wp-block-latest-posts__featured-image alignleft\"><img loading=\"lazy\" decoding=\"async\" width=\"300\" height=\"300\" src=\"https:\/\/i0.wp.com\/patrick-fontaine.com\/blog\/wp-content\/uploads\/2025\/11\/carre_01c.webp?fit=300%2C300&amp;ssl=1\" class=\"attachment-medium size-medium wp-post-image\" alt=\"\" style=\"\" srcset=\"https:\/\/i0.wp.com\/patrick-fontaine.com\/blog\/wp-content\/uploads\/2025\/11\/carre_01c.webp?w=1080&amp;ssl=1 1080w, https:\/\/i0.wp.com\/patrick-fontaine.com\/blog\/wp-content\/uploads\/2025\/11\/carre_01c.webp?resize=300%2C300&amp;ssl=1 300w, https:\/\/i0.wp.com\/patrick-fontaine.com\/blog\/wp-content\/uploads\/2025\/11\/carre_01c.webp?resize=1024%2C1024&amp;ssl=1 1024w, https:\/\/i0.wp.com\/patrick-fontaine.com\/blog\/wp-content\/uploads\/2025\/11\/carre_01c.webp?resize=150%2C150&amp;ssl=1 150w, https:\/\/i0.wp.com\/patrick-fontaine.com\/blog\/wp-content\/uploads\/2025\/11\/carre_01c.webp?resize=768%2C768&amp;ssl=1 768w, https:\/\/i0.wp.com\/patrick-fontaine.com\/blog\/wp-content\/uploads\/2025\/11\/carre_01c.webp?resize=100%2C100&amp;ssl=1 100w\" sizes=\"auto, 100vw\" \/><\/div><a class=\"wp-block-latest-posts__post-title\" href=\"https:\/\/patrick-fontaine.com\/blog\/2025\/11\/05\/combien-coute-une-illustration-professionnelle-tarifs-et-conseils-dun-illustrateur\/\">Combien co\u00fbte une illustration professionnelle&#160;&#160;? Tarifs et conseils d\u2019un illustrateur<\/a><div class=\"wp-block-latest-posts__post-excerpt\">Au bout de mes 8 ans en tant qu&rsquo;illustrateur freelance, je vous livre les rouages du prix d&rsquo;une illustration.<\/div><\/li>\n<li><div class=\"wp-block-latest-posts__featured-image alignleft\"><img loading=\"lazy\" decoding=\"async\" width=\"300\" height=\"208\" src=\"https:\/\/i0.wp.com\/patrick-fontaine.com\/blog\/wp-content\/uploads\/2019\/04\/epave.jpg?fit=300%2C208&amp;ssl=1\" class=\"attachment-medium size-medium wp-post-image\" alt=\"\" style=\"\" srcset=\"https:\/\/i0.wp.com\/patrick-fontaine.com\/blog\/wp-content\/uploads\/2019\/04\/epave.jpg?w=1264&amp;ssl=1 1264w, https:\/\/i0.wp.com\/patrick-fontaine.com\/blog\/wp-content\/uploads\/2019\/04\/epave.jpg?resize=300%2C208&amp;ssl=1 300w, https:\/\/i0.wp.com\/patrick-fontaine.com\/blog\/wp-content\/uploads\/2019\/04\/epave.jpg?resize=768%2C533&amp;ssl=1 768w, https:\/\/i0.wp.com\/patrick-fontaine.com\/blog\/wp-content\/uploads\/2019\/04\/epave.jpg?resize=1024%2C711&amp;ssl=1 1024w\" sizes=\"auto, 100vw\" \/><\/div><a class=\"wp-block-latest-posts__post-title\" href=\"https:\/\/patrick-fontaine.com\/blog\/2019\/05\/02\/illustrations-pour-archipelia\/\">Illustrations pour Archip\u00e9lia<\/a><div class=\"wp-block-latest-posts__post-excerpt\">L\u2019ann\u00e9e derni\u00e8re, j\u2019ai souscrit au financement participatif d\u2019un jeu de r\u00f4le dont le pitch m\u2019avait conquis par sa l\u00e9g\u00e8ret\u00e9 et &hellip; <p class=\"link-more\"><a href=\"https:\/\/patrick-fontaine.com\/blog\/2019\/05\/02\/illustrations-pour-archipelia\/\" class=\"more-link\">Continuer la lecture<span class=\"screen-reader-text\"> de &laquo;&nbsp;Illustrations pour Archip\u00e9lia&nbsp;&raquo;<\/span><\/a><\/p><\/div><\/li>\n<li><div class=\"wp-block-latest-posts__featured-image alignleft\"><img loading=\"lazy\" decoding=\"async\" width=\"216\" height=\"300\" src=\"https:\/\/i0.wp.com\/patrick-fontaine.com\/blog\/wp-content\/uploads\/2018\/06\/sablier.png?fit=216%2C300&amp;ssl=1\" class=\"attachment-medium size-medium wp-post-image\" alt=\"\" style=\"\" srcset=\"https:\/\/i0.wp.com\/patrick-fontaine.com\/blog\/wp-content\/uploads\/2018\/06\/sablier.png?w=363&amp;ssl=1 363w, https:\/\/i0.wp.com\/patrick-fontaine.com\/blog\/wp-content\/uploads\/2018\/06\/sablier.png?resize=216%2C300&amp;ssl=1 216w\" sizes=\"auto, 100vw\" \/><\/div><a class=\"wp-block-latest-posts__post-title\" href=\"https:\/\/patrick-fontaine.com\/blog\/2018\/06\/27\/cinq-minutes-pour-dessiner\/\">5 minutes pour dessiner<\/a><div class=\"wp-block-latest-posts__post-excerpt\">Tout dessinateur passe par cette phase&#160;&#160;: \u00ab\u00a0Il faudrait que je dessine, mais j&rsquo;ai trop la flemme\u00a0\u00bb. Allez, avouez-le, c&rsquo;est vrai, &hellip; <p class=\"link-more\"><a href=\"https:\/\/patrick-fontaine.com\/blog\/2018\/06\/27\/cinq-minutes-pour-dessiner\/\" class=\"more-link\">Continuer la lecture<span class=\"screen-reader-text\"> de &laquo;&nbsp;5 minutes pour dessiner&nbsp;&raquo;<\/span><\/a><\/p><\/div><\/li>\n<li><div class=\"wp-block-latest-posts__featured-image alignleft\"><img loading=\"lazy\" decoding=\"async\" width=\"215\" height=\"300\" src=\"https:\/\/i0.wp.com\/patrick-fontaine.com\/blog\/wp-content\/uploads\/2018\/05\/dpschool_01.png?fit=215%2C300&amp;ssl=1\" class=\"attachment-medium size-medium wp-post-image\" alt=\"\" style=\"\" srcset=\"https:\/\/i0.wp.com\/patrick-fontaine.com\/blog\/wp-content\/uploads\/2018\/05\/dpschool_01.png?w=1433&amp;ssl=1 1433w, https:\/\/i0.wp.com\/patrick-fontaine.com\/blog\/wp-content\/uploads\/2018\/05\/dpschool_01.png?resize=215%2C300&amp;ssl=1 215w, https:\/\/i0.wp.com\/patrick-fontaine.com\/blog\/wp-content\/uploads\/2018\/05\/dpschool_01.png?resize=768%2C1072&amp;ssl=1 768w, https:\/\/i0.wp.com\/patrick-fontaine.com\/blog\/wp-content\/uploads\/2018\/05\/dpschool_01.png?resize=734%2C1024&amp;ssl=1 734w, https:\/\/i0.wp.com\/patrick-fontaine.com\/blog\/wp-content\/uploads\/2018\/05\/dpschool_01.png?w=1050&amp;ssl=1 1050w\" sizes=\"auto, 100vw\" \/><\/div><a class=\"wp-block-latest-posts__post-title\" href=\"https:\/\/patrick-fontaine.com\/blog\/2018\/05\/01\/digital-painting-contraintes\/\">Peindre avec des contraintes<\/a><div class=\"wp-block-latest-posts__post-excerpt\">Hier soir, j&rsquo;ai particip\u00e9 \u00e0 un nouveau challenge. Cette fois, c&rsquo;\u00e9tait un des d\u00e9fis hebdomadaires de digital painting sur DigitalPainting.school. &hellip; <p class=\"link-more\"><a href=\"https:\/\/patrick-fontaine.com\/blog\/2018\/05\/01\/digital-painting-contraintes\/\" class=\"more-link\">Continuer la lecture<span class=\"screen-reader-text\"> de &laquo;&nbsp;Peindre avec des contraintes&nbsp;&raquo;<\/span><\/a><\/p><\/div><\/li>\n<li><a class=\"wp-block-latest-posts__post-title\" href=\"https:\/\/patrick-fontaine.com\/blog\/2018\/04\/24\/illustration-jeu-de-role\/\">Illustration et jeu de r\u00f4le<\/a><div class=\"wp-block-latest-posts__post-excerpt\">S&rsquo;il y a bien une passion que j&rsquo;ai d\u00e9couverte r\u00e9cemment et qui obnubile mes pens\u00e9es, c&rsquo;est le jeu de r\u00f4le. &hellip; <p class=\"link-more\"><a href=\"https:\/\/patrick-fontaine.com\/blog\/2018\/04\/24\/illustration-jeu-de-role\/\" class=\"more-link\">Continuer la lecture<span class=\"screen-reader-text\"> de &laquo;&nbsp;Illustration et jeu de r\u00f4le&nbsp;&raquo;<\/span><\/a><\/p><\/div><\/li>\n<li><div class=\"wp-block-latest-posts__featured-image alignleft\"><img loading=\"lazy\" decoding=\"async\" width=\"192\" height=\"300\" src=\"https:\/\/i0.wp.com\/patrick-fontaine.com\/blog\/wp-content\/uploads\/2018\/04\/jacob_b.jpg?fit=192%2C300&amp;ssl=1\" class=\"attachment-medium size-medium wp-post-image\" alt=\"\" style=\"\" srcset=\"https:\/\/i0.wp.com\/patrick-fontaine.com\/blog\/wp-content\/uploads\/2018\/04\/jacob_b.jpg?w=465&amp;ssl=1 465w, https:\/\/i0.wp.com\/patrick-fontaine.com\/blog\/wp-content\/uploads\/2018\/04\/jacob_b.jpg?resize=192%2C300&amp;ssl=1 192w\" sizes=\"auto, 100vw\" \/><\/div><a class=\"wp-block-latest-posts__post-title\" href=\"https:\/\/patrick-fontaine.com\/blog\/2018\/04\/18\/speed-painting-bestial\/\">Speed painting bestial<\/a><div class=\"wp-block-latest-posts__post-excerpt\">Hier soir je me suis fait un loup-garou\u2026 En tout bien, tout honneur hein&#160;&#160;! Arm\u00e9 de ma palette, de mon &hellip; <p class=\"link-more\"><a href=\"https:\/\/patrick-fontaine.com\/blog\/2018\/04\/18\/speed-painting-bestial\/\" class=\"more-link\">Continuer la lecture<span class=\"screen-reader-text\"> de &laquo;&nbsp;Speed painting bestial&nbsp;&raquo;<\/span><\/a><\/p><\/div><\/li>\n<li><div class=\"wp-block-latest-posts__featured-image alignleft\"><img loading=\"lazy\" decoding=\"async\" width=\"300\" height=\"200\" src=\"https:\/\/i0.wp.com\/patrick-fontaine.com\/blog\/wp-content\/uploads\/2018\/04\/tchac.jpg?fit=300%2C200&amp;ssl=1\" class=\"attachment-medium size-medium wp-post-image\" alt=\"\" style=\"\" srcset=\"https:\/\/i0.wp.com\/patrick-fontaine.com\/blog\/wp-content\/uploads\/2018\/04\/tchac.jpg?w=727&amp;ssl=1 727w, https:\/\/i0.wp.com\/patrick-fontaine.com\/blog\/wp-content\/uploads\/2018\/04\/tchac.jpg?resize=300%2C200&amp;ssl=1 300w\" sizes=\"auto, 100vw\" \/><\/div><a class=\"wp-block-latest-posts__post-title\" href=\"https:\/\/patrick-fontaine.com\/blog\/2018\/04\/09\/5-choses-que-je-naime-pas-chez-affinity-designer\/\">5 choses que je n&rsquo;aime pas chez Affinity Designer<\/a><div class=\"wp-block-latest-posts__post-excerpt\">Dans le pr\u00e9c\u00e9dent article, je faisais l&rsquo;apologie de ce logiciel de graphisme qui semble \u00eatre une bonne alternative \u00e0 Photoshop &hellip; <p class=\"link-more\"><a href=\"https:\/\/patrick-fontaine.com\/blog\/2018\/04\/09\/5-choses-que-je-naime-pas-chez-affinity-designer\/\" class=\"more-link\">Continuer la lecture<span class=\"screen-reader-text\"> de &laquo;&nbsp;5 choses que je n&rsquo;aime pas chez Affinity Designer&nbsp;&raquo;<\/span><\/a><\/p><\/div><\/li>\n<li><div class=\"wp-block-latest-posts__featured-image alignleft\"><img loading=\"lazy\" decoding=\"async\" width=\"300\" height=\"271\" src=\"https:\/\/i0.wp.com\/patrick-fontaine.com\/blog\/wp-content\/uploads\/2018\/03\/cinq_pouces.png?fit=300%2C271&amp;ssl=1\" class=\"attachment-medium size-medium wp-post-image\" alt=\"\" style=\"\" srcset=\"https:\/\/i0.wp.com\/patrick-fontaine.com\/blog\/wp-content\/uploads\/2018\/03\/cinq_pouces.png?w=820&amp;ssl=1 820w, https:\/\/i0.wp.com\/patrick-fontaine.com\/blog\/wp-content\/uploads\/2018\/03\/cinq_pouces.png?resize=300%2C271&amp;ssl=1 300w, https:\/\/i0.wp.com\/patrick-fontaine.com\/blog\/wp-content\/uploads\/2018\/03\/cinq_pouces.png?resize=768%2C693&amp;ssl=1 768w\" sizes=\"auto, 100vw\" \/><\/div><a class=\"wp-block-latest-posts__post-title\" href=\"https:\/\/patrick-fontaine.com\/blog\/2018\/03\/30\/5-choses-que-jadore-chez-affinity-designer\/\">5 choses que j&rsquo;adore chez Affinity Designer<\/a><div class=\"wp-block-latest-posts__post-excerpt\">Si vous avez lu mon article pr\u00e9c\u00e9dent Je trompe Adobe, vous devez vous demander avec quels logiciels je travaille. Ou &hellip; <p class=\"link-more\"><a href=\"https:\/\/patrick-fontaine.com\/blog\/2018\/03\/30\/5-choses-que-jadore-chez-affinity-designer\/\" class=\"more-link\">Continuer la lecture<span class=\"screen-reader-text\"> de &laquo;&nbsp;5 choses que j&rsquo;adore chez Affinity Designer&nbsp;&raquo;<\/span><\/a><\/p><\/div><\/li>\n<li><div class=\"wp-block-latest-posts__featured-image alignleft\"><img loading=\"lazy\" decoding=\"async\" width=\"300\" height=\"233\" src=\"https:\/\/i0.wp.com\/patrick-fontaine.com\/blog\/wp-content\/uploads\/2018\/03\/loupe.png?fit=300%2C233&amp;ssl=1\" class=\"attachment-medium size-medium wp-post-image\" alt=\"\" style=\"\" srcset=\"https:\/\/i0.wp.com\/patrick-fontaine.com\/blog\/wp-content\/uploads\/2018\/03\/loupe.png?w=1200&amp;ssl=1 1200w, https:\/\/i0.wp.com\/patrick-fontaine.com\/blog\/wp-content\/uploads\/2018\/03\/loupe.png?resize=300%2C233&amp;ssl=1 300w, https:\/\/i0.wp.com\/patrick-fontaine.com\/blog\/wp-content\/uploads\/2018\/03\/loupe.png?resize=768%2C595&amp;ssl=1 768w, https:\/\/i0.wp.com\/patrick-fontaine.com\/blog\/wp-content\/uploads\/2018\/03\/loupe.png?resize=1024%2C794&amp;ssl=1 1024w\" sizes=\"auto, 100vw\" \/><\/div><a class=\"wp-block-latest-posts__post-title\" href=\"https:\/\/patrick-fontaine.com\/blog\/2018\/03\/28\/analyse-de-speed-painting\/\">Analyse de speed painting<\/a><div class=\"wp-block-latest-posts__post-excerpt\">Apr\u00e8s avoir essay\u00e9 de #DrawWhatever avec le sympatique Nyo, la semaine derni\u00e8re, j&rsquo;ai remis \u00e7a cette semaine. Le th\u00e8me \u00e9tait&#160;&#160;: &hellip; <p class=\"link-more\"><a href=\"https:\/\/patrick-fontaine.com\/blog\/2018\/03\/28\/analyse-de-speed-painting\/\" class=\"more-link\">Continuer la lecture<span class=\"screen-reader-text\"> de &laquo;&nbsp;Analyse de speed painting&nbsp;&raquo;<\/span><\/a><\/p><\/div><\/li>\n<li><div class=\"wp-block-latest-posts__featured-image alignleft\"><img loading=\"lazy\" decoding=\"async\" width=\"300\" height=\"300\" src=\"https:\/\/i0.wp.com\/patrick-fontaine.com\/blog\/wp-content\/uploads\/2018\/03\/recette.png?fit=300%2C300&amp;ssl=1\" class=\"attachment-medium size-medium wp-post-image\" alt=\"\" style=\"\" srcset=\"https:\/\/i0.wp.com\/patrick-fontaine.com\/blog\/wp-content\/uploads\/2018\/03\/recette.png?w=1200&amp;ssl=1 1200w, https:\/\/i0.wp.com\/patrick-fontaine.com\/blog\/wp-content\/uploads\/2018\/03\/recette.png?resize=150%2C150&amp;ssl=1 150w, https:\/\/i0.wp.com\/patrick-fontaine.com\/blog\/wp-content\/uploads\/2018\/03\/recette.png?resize=300%2C300&amp;ssl=1 300w, https:\/\/i0.wp.com\/patrick-fontaine.com\/blog\/wp-content\/uploads\/2018\/03\/recette.png?resize=768%2C768&amp;ssl=1 768w, https:\/\/i0.wp.com\/patrick-fontaine.com\/blog\/wp-content\/uploads\/2018\/03\/recette.png?resize=1024%2C1024&amp;ssl=1 1024w, https:\/\/i0.wp.com\/patrick-fontaine.com\/blog\/wp-content\/uploads\/2018\/03\/recette.png?resize=100%2C100&amp;ssl=1 100w\" sizes=\"auto, 100vw\" \/><\/div><a class=\"wp-block-latest-posts__post-title\" href=\"https:\/\/patrick-fontaine.com\/blog\/2018\/03\/22\/drawwhatever\/\">#DrawWhatever &#8211; C&rsquo;est en dessinant n&rsquo;importe quoi qu&rsquo;on\u2026<\/a><div class=\"wp-block-latest-posts__post-excerpt\">Pendant mes p\u00e9r\u00e9grinations Twitter, je suis tomb\u00e9 sur un speed painting. J&rsquo;ai \u00e9t\u00e9 tr\u00e8s intrigu\u00e9 par le sujet abord\u00e9&#160;&#160;: une &hellip; <p class=\"link-more\"><a href=\"https:\/\/patrick-fontaine.com\/blog\/2018\/03\/22\/drawwhatever\/\" class=\"more-link\">Continuer la lecture<span class=\"screen-reader-text\"> de &laquo;&nbsp;#DrawWhatever &#8211; C&rsquo;est en dessinant n&rsquo;importe quoi qu&rsquo;on\u2026&nbsp;&raquo;<\/span><\/a><\/p><\/div><\/li>\n<\/ul><\/div><\/div>\n","protected":false},"excerpt":{"rendered":"<p>Retrouvez mes articles parlant du m\u00e9tier d&rsquo;illustrateur et de graphiste&#160;: logiciels, workflow, tests, etc.<\/p>\n","protected":false},"author":1,"featured_media":0,"parent":0,"menu_order":0,"comment_status":"closed","ping_status":"closed","template":"","meta":{"_editorskit_title_hidden":false,"_editorskit_reading_time":0,"_editorskit_is_block_options_detached":false,"_editorskit_block_options_position":"{}","inline_featured_image":false,"footnotes":""},"class_list":["post-10985","page","type-page","status-publish","hentry"],"yoast_head":"<!-- This site is optimized with the Yoast SEO plugin v27.6 - https:\/\/yoast.com\/product\/yoast-seo-wordpress\/ -->\n<title>Blog - Patrick Fontaine<\/title>\n<meta name=\"robots\" content=\"index, follow, max-snippet:-1, max-image-preview:large, max-video-preview:-1\" \/>\n<link rel=\"canonical\" href=\"https:\/\/patrick-fontaine.com\/blog\/blog\/\" \/>\n<meta property=\"og:locale\" content=\"fr_FR\" \/>\n<meta property=\"og:type\" content=\"article\" \/>\n<meta property=\"og:title\" content=\"Blog - Patrick Fontaine\" \/>\n<meta property=\"og:description\" content=\"Retrouvez mes articles parlant du m\u00e9tier d&rsquo;illustrateur et de graphiste&#160;: logiciels, workflow, tests, etc.\" \/>\n<meta property=\"og:url\" content=\"https:\/\/patrick-fontaine.com\/blog\/blog\/\" \/>\n<meta property=\"og:site_name\" content=\"Patrick Fontaine\" \/>\n<meta property=\"article:modified_time\" content=\"2025-11-05T16:37:01+00:00\" \/>\n<meta name=\"twitter:card\" content=\"summary_large_image\" \/>\n<meta name=\"twitter:site\" content=\"@hello_patrickf\" \/>\n<meta name=\"twitter:label1\" content=\"Dur\u00e9e de lecture estim\u00e9e\" \/>\n\t<meta name=\"twitter:data1\" content=\"1 minute\" \/>\n<script type=\"application\/ld+json\" class=\"yoast-schema-graph\">{\"@context\":\"https:\\\/\\\/schema.org\",\"@graph\":[{\"@type\":\"WebPage\",\"@id\":\"https:\\\/\\\/patrick-fontaine.com\\\/blog\\\/blog\\\/\",\"url\":\"https:\\\/\\\/patrick-fontaine.com\\\/blog\\\/blog\\\/\",\"name\":\"Blog - Patrick Fontaine\",\"isPartOf\":{\"@id\":\"https:\\\/\\\/patrick-fontaine.com\\\/blog\\\/#website\"},\"datePublished\":\"2025-11-05T16:33:00+00:00\",\"dateModified\":\"2025-11-05T16:37:01+00:00\",\"breadcrumb\":{\"@id\":\"https:\\\/\\\/patrick-fontaine.com\\\/blog\\\/blog\\\/#breadcrumb\"},\"inLanguage\":\"fr-FR\",\"potentialAction\":[{\"@type\":\"ReadAction\",\"target\":[\"https:\\\/\\\/patrick-fontaine.com\\\/blog\\\/blog\\\/\"]}]},{\"@type\":\"BreadcrumbList\",\"@id\":\"https:\\\/\\\/patrick-fontaine.com\\\/blog\\\/blog\\\/#breadcrumb\",\"itemListElement\":[{\"@type\":\"ListItem\",\"position\":1,\"name\":\"Accueil\",\"item\":\"https:\\\/\\\/patrick-fontaine.com\\\/blog\\\/\"},{\"@type\":\"ListItem\",\"position\":2,\"name\":\"Blog\"}]},{\"@type\":\"WebSite\",\"@id\":\"https:\\\/\\\/patrick-fontaine.com\\\/blog\\\/#website\",\"url\":\"https:\\\/\\\/patrick-fontaine.com\\\/blog\\\/\",\"name\":\"Patrick Fontaine\",\"description\":\"et son petit blog illustr\u00e9\",\"publisher\":{\"@id\":\"https:\\\/\\\/patrick-fontaine.com\\\/blog\\\/#\\\/schema\\\/person\\\/05b8f7de3dccdbb9c2b5cbe9922bfa71\"},\"potentialAction\":[{\"@type\":\"SearchAction\",\"target\":{\"@type\":\"EntryPoint\",\"urlTemplate\":\"https:\\\/\\\/patrick-fontaine.com\\\/blog\\\/?s={search_term_string}\"},\"query-input\":{\"@type\":\"PropertyValueSpecification\",\"valueRequired\":true,\"valueName\":\"search_term_string\"}}],\"inLanguage\":\"fr-FR\"},{\"@type\":[\"Person\",\"Organization\"],\"@id\":\"https:\\\/\\\/patrick-fontaine.com\\\/blog\\\/#\\\/schema\\\/person\\\/05b8f7de3dccdbb9c2b5cbe9922bfa71\",\"name\":\"Patrick Fontaine\",\"image\":{\"@type\":\"ImageObject\",\"inLanguage\":\"fr-FR\",\"@id\":\"https:\\\/\\\/patrick-fontaine.com\\\/blog\\\/wp-content\\\/uploads\\\/2018\\\/03\\\/logo_serpent.png\",\"url\":\"https:\\\/\\\/patrick-fontaine.com\\\/blog\\\/wp-content\\\/uploads\\\/2018\\\/03\\\/logo_serpent.png\",\"contentUrl\":\"https:\\\/\\\/patrick-fontaine.com\\\/blog\\\/wp-content\\\/uploads\\\/2018\\\/03\\\/logo_serpent.png\",\"width\":2000,\"height\":1200,\"caption\":\"Patrick Fontaine\"},\"logo\":{\"@id\":\"https:\\\/\\\/patrick-fontaine.com\\\/blog\\\/wp-content\\\/uploads\\\/2018\\\/03\\\/logo_serpent.png\"}}]}<\/script>\n<!-- \/ Yoast SEO plugin. -->","yoast_head_json":{"title":"Blog - Patrick Fontaine","robots":{"index":"index","follow":"follow","max-snippet":"max-snippet:-1","max-image-preview":"max-image-preview:large","max-video-preview":"max-video-preview:-1"},"canonical":"https:\/\/patrick-fontaine.com\/blog\/blog\/","og_locale":"fr_FR","og_type":"article","og_title":"Blog - Patrick Fontaine","og_description":"Retrouvez mes articles parlant du m\u00e9tier d&rsquo;illustrateur et de graphiste&#160;: logiciels, workflow, tests, etc.","og_url":"https:\/\/patrick-fontaine.com\/blog\/blog\/","og_site_name":"Patrick Fontaine","article_modified_time":"2025-11-05T16:37:01+00:00","twitter_card":"summary_large_image","twitter_site":"@hello_patrickf","twitter_misc":{"Dur\u00e9e de lecture estim\u00e9e":"1 minute"},"schema":{"@context":"https:\/\/schema.org","@graph":[{"@type":"WebPage","@id":"https:\/\/patrick-fontaine.com\/blog\/blog\/","url":"https:\/\/patrick-fontaine.com\/blog\/blog\/","name":"Blog - Patrick Fontaine","isPartOf":{"@id":"https:\/\/patrick-fontaine.com\/blog\/#website"},"datePublished":"2025-11-05T16:33:00+00:00","dateModified":"2025-11-05T16:37:01+00:00","breadcrumb":{"@id":"https:\/\/patrick-fontaine.com\/blog\/blog\/#breadcrumb"},"inLanguage":"fr-FR","potentialAction":[{"@type":"ReadAction","target":["https:\/\/patrick-fontaine.com\/blog\/blog\/"]}]},{"@type":"BreadcrumbList","@id":"https:\/\/patrick-fontaine.com\/blog\/blog\/#breadcrumb","itemListElement":[{"@type":"ListItem","position":1,"name":"Accueil","item":"https:\/\/patrick-fontaine.com\/blog\/"},{"@type":"ListItem","position":2,"name":"Blog"}]},{"@type":"WebSite","@id":"https:\/\/patrick-fontaine.com\/blog\/#website","url":"https:\/\/patrick-fontaine.com\/blog\/","name":"Patrick Fontaine","description":"et son petit blog illustr\u00e9","publisher":{"@id":"https:\/\/patrick-fontaine.com\/blog\/#\/schema\/person\/05b8f7de3dccdbb9c2b5cbe9922bfa71"},"potentialAction":[{"@type":"SearchAction","target":{"@type":"EntryPoint","urlTemplate":"https:\/\/patrick-fontaine.com\/blog\/?s={search_term_string}"},"query-input":{"@type":"PropertyValueSpecification","valueRequired":true,"valueName":"search_term_string"}}],"inLanguage":"fr-FR"},{"@type":["Person","Organization"],"@id":"https:\/\/patrick-fontaine.com\/blog\/#\/schema\/person\/05b8f7de3dccdbb9c2b5cbe9922bfa71","name":"Patrick Fontaine","image":{"@type":"ImageObject","inLanguage":"fr-FR","@id":"https:\/\/patrick-fontaine.com\/blog\/wp-content\/uploads\/2018\/03\/logo_serpent.png","url":"https:\/\/patrick-fontaine.com\/blog\/wp-content\/uploads\/2018\/03\/logo_serpent.png","contentUrl":"https:\/\/patrick-fontaine.com\/blog\/wp-content\/uploads\/2018\/03\/logo_serpent.png","width":2000,"height":1200,"caption":"Patrick Fontaine"},"logo":{"@id":"https:\/\/patrick-fontaine.com\/blog\/wp-content\/uploads\/2018\/03\/logo_serpent.png"}}]}},"jetpack_sharing_enabled":true,"jetpack_shortlink":"https:\/\/wp.me\/P9JLro-2Rb","jetpack_likes_enabled":false,"_links":{"self":[{"href":"https:\/\/patrick-fontaine.com\/blog\/wp-json\/wp\/v2\/pages\/10985","targetHints":{"allow":["GET"]}}],"collection":[{"href":"https:\/\/patrick-fontaine.com\/blog\/wp-json\/wp\/v2\/pages"}],"about":[{"href":"https:\/\/patrick-fontaine.com\/blog\/wp-json\/wp\/v2\/types\/page"}],"author":[{"embeddable":true,"href":"https:\/\/patrick-fontaine.com\/blog\/wp-json\/wp\/v2\/users\/1"}],"replies":[{"embeddable":true,"href":"https:\/\/patrick-fontaine.com\/blog\/wp-json\/wp\/v2\/comments?post=10985"}],"version-history":[{"count":5,"href":"https:\/\/patrick-fontaine.com\/blog\/wp-json\/wp\/v2\/pages\/10985\/revisions"}],"predecessor-version":[{"id":10996,"href":"https:\/\/patrick-fontaine.com\/blog\/wp-json\/wp\/v2\/pages\/10985\/revisions\/10996"}],"wp:attachment":[{"href":"https:\/\/patrick-fontaine.com\/blog\/wp-json\/wp\/v2\/media?parent=10985"}],"curies":[{"name":"wp","href":"https:\/\/api.w.org\/{rel}","templated":true}]}}