{"id":349,"date":"2018-03-13T12:57:21","date_gmt":"2018-03-13T11:57:21","guid":{"rendered":"http:\/\/patrick-fontaine.com\/blog\/?page_id=349"},"modified":"2025-10-20T17:09:22","modified_gmt":"2025-10-20T15:09:22","slug":"graphisme","status":"publish","type":"page","link":"https:\/\/patrick-fontaine.com\/blog\/graphisme\/","title":{"rendered":"Graphisme"},"content":{"rendered":"\n<h1 class=\"wp-block-heading has-text-align-center\">Graphisme<\/h1>\n\n\n\n<p class=\"petiteSection\">Retrouvez une partie de mes projets de design dans cette rubrique. Si mon profil vous int\u00e9resse, je suis disponible pour vous accompagner dans vos projets&#160;: <a href=\"https:\/\/patrick-fontaine.com\/blog\/contact\/\">contact<\/a>.<br>N&rsquo;h\u00e9sitez pas \u00e0 regarder \u00e9galement <a href=\"https:\/\/patrick-fontaine.com\/blog\/illustration\/\">mes travaux artistiques<\/a>.<\/p>\n\n\n\n<div class=\"wp-block-group alignfull tw-stretched-link\"><div class=\"wp-block-group__inner-container is-layout-flow wp-block-group-is-layout-flow\"><ul class=\"wp-block-latest-posts__list is-grid columns-3 alignwide tw-mb-6 tw-mt-8 tw-heading-size-medium tw-stretched-link is-style-tw-posts-border wp-block-latest-posts\"><li><div class=\"wp-block-latest-posts__featured-image\"><a href=\"https:\/\/patrick-fontaine.com\/blog\/2025\/11\/04\/smart-games\/\" aria-label=\"Smart Games\"><img loading=\"lazy\" decoding=\"async\" width=\"525\" height=\"525\" src=\"https:\/\/i0.wp.com\/patrick-fontaine.com\/blog\/wp-content\/uploads\/2025\/11\/carre_smartgames.webp?fit=525%2C525&amp;ssl=1\" class=\"attachment-large size-large wp-post-image\" alt=\"\" style=\"\" srcset=\"https:\/\/i0.wp.com\/patrick-fontaine.com\/blog\/wp-content\/uploads\/2025\/11\/carre_smartgames.webp?w=1080&amp;ssl=1 1080w, https:\/\/i0.wp.com\/patrick-fontaine.com\/blog\/wp-content\/uploads\/2025\/11\/carre_smartgames.webp?resize=300%2C300&amp;ssl=1 300w, https:\/\/i0.wp.com\/patrick-fontaine.com\/blog\/wp-content\/uploads\/2025\/11\/carre_smartgames.webp?resize=1024%2C1024&amp;ssl=1 1024w, https:\/\/i0.wp.com\/patrick-fontaine.com\/blog\/wp-content\/uploads\/2025\/11\/carre_smartgames.webp?resize=150%2C150&amp;ssl=1 150w, https:\/\/i0.wp.com\/patrick-fontaine.com\/blog\/wp-content\/uploads\/2025\/11\/carre_smartgames.webp?resize=768%2C768&amp;ssl=1 768w, https:\/\/i0.wp.com\/patrick-fontaine.com\/blog\/wp-content\/uploads\/2025\/11\/carre_smartgames.webp?resize=100%2C100&amp;ssl=1 100w\" sizes=\"auto, 100vw\" \/><\/a><\/div><a class=\"wp-block-latest-posts__post-title\" href=\"https:\/\/patrick-fontaine.com\/blog\/2025\/11\/04\/smart-games\/\">Smart Games<\/a><div class=\"wp-block-latest-posts__post-excerpt\">Conception de maquettes et illustrations \u00e9v\u00e9nementielles pour SmartGames.<\/div><\/li>\n<li><div class=\"wp-block-latest-posts__featured-image\"><a href=\"https:\/\/patrick-fontaine.com\/blog\/2024\/10\/07\/la-ville-dorsay\/\" aria-label=\"La ville d&rsquo;Orsay\"><img loading=\"lazy\" decoding=\"async\" width=\"525\" height=\"525\" src=\"https:\/\/i0.wp.com\/patrick-fontaine.com\/blog\/wp-content\/uploads\/2024\/10\/guide-orsay.webp?fit=525%2C525&amp;ssl=1\" class=\"attachment-large size-large wp-post-image\" alt=\"\" style=\"\" srcset=\"https:\/\/i0.wp.com\/patrick-fontaine.com\/blog\/wp-content\/uploads\/2024\/10\/guide-orsay.webp?w=1080&amp;ssl=1 1080w, https:\/\/i0.wp.com\/patrick-fontaine.com\/blog\/wp-content\/uploads\/2024\/10\/guide-orsay.webp?resize=300%2C300&amp;ssl=1 300w, https:\/\/i0.wp.com\/patrick-fontaine.com\/blog\/wp-content\/uploads\/2024\/10\/guide-orsay.webp?resize=1024%2C1024&amp;ssl=1 1024w, https:\/\/i0.wp.com\/patrick-fontaine.com\/blog\/wp-content\/uploads\/2024\/10\/guide-orsay.webp?resize=150%2C150&amp;ssl=1 150w, https:\/\/i0.wp.com\/patrick-fontaine.com\/blog\/wp-content\/uploads\/2024\/10\/guide-orsay.webp?resize=768%2C768&amp;ssl=1 768w, https:\/\/i0.wp.com\/patrick-fontaine.com\/blog\/wp-content\/uploads\/2024\/10\/guide-orsay.webp?resize=100%2C100&amp;ssl=1 100w\" sizes=\"auto, 100vw\" \/><\/a><\/div><a class=\"wp-block-latest-posts__post-title\" href=\"https:\/\/patrick-fontaine.com\/blog\/2024\/10\/07\/la-ville-dorsay\/\">La ville d&rsquo;Orsay<\/a><div class=\"wp-block-latest-posts__post-excerpt\">Conception de la brochure du guide des associations de la mairie d&rsquo;Orsay.<\/div><\/li>\n<li><div class=\"wp-block-latest-posts__featured-image\"><a href=\"https:\/\/patrick-fontaine.com\/blog\/2023\/05\/12\/beacon\/\" aria-label=\"Beacon\"><img loading=\"lazy\" decoding=\"async\" width=\"525\" height=\"525\" src=\"https:\/\/i0.wp.com\/patrick-fontaine.com\/blog\/wp-content\/uploads\/2025\/10\/carre_beacon.webp?fit=525%2C525&amp;ssl=1\" class=\"attachment-large size-large wp-post-image\" alt=\"\" style=\"\" srcset=\"https:\/\/i0.wp.com\/patrick-fontaine.com\/blog\/wp-content\/uploads\/2025\/10\/carre_beacon.webp?w=600&amp;ssl=1 600w, https:\/\/i0.wp.com\/patrick-fontaine.com\/blog\/wp-content\/uploads\/2025\/10\/carre_beacon.webp?resize=300%2C300&amp;ssl=1 300w, https:\/\/i0.wp.com\/patrick-fontaine.com\/blog\/wp-content\/uploads\/2025\/10\/carre_beacon.webp?resize=150%2C150&amp;ssl=1 150w, https:\/\/i0.wp.com\/patrick-fontaine.com\/blog\/wp-content\/uploads\/2025\/10\/carre_beacon.webp?resize=100%2C100&amp;ssl=1 100w\" sizes=\"auto, 100vw\" \/><\/a><\/div><a class=\"wp-block-latest-posts__post-title\" href=\"https:\/\/patrick-fontaine.com\/blog\/2023\/05\/12\/beacon\/\">Beacon<\/a><div class=\"wp-block-latest-posts__post-excerpt\">UI design du logiciel Beacon.<\/div><\/li>\n<li><div class=\"wp-block-latest-posts__featured-image\"><a href=\"https:\/\/patrick-fontaine.com\/blog\/2022\/11\/25\/monbanquet-fr\/\" aria-label=\"MonBanquet.fr\"><img loading=\"lazy\" decoding=\"async\" width=\"525\" height=\"525\" src=\"https:\/\/i0.wp.com\/patrick-fontaine.com\/blog\/wp-content\/uploads\/2025\/10\/carre_monbanquet.webp?fit=525%2C525&amp;ssl=1\" class=\"attachment-large size-large wp-post-image\" alt=\"\" style=\"\" srcset=\"https:\/\/i0.wp.com\/patrick-fontaine.com\/blog\/wp-content\/uploads\/2025\/10\/carre_monbanquet.webp?w=1080&amp;ssl=1 1080w, https:\/\/i0.wp.com\/patrick-fontaine.com\/blog\/wp-content\/uploads\/2025\/10\/carre_monbanquet.webp?resize=300%2C300&amp;ssl=1 300w, https:\/\/i0.wp.com\/patrick-fontaine.com\/blog\/wp-content\/uploads\/2025\/10\/carre_monbanquet.webp?resize=1024%2C1024&amp;ssl=1 1024w, https:\/\/i0.wp.com\/patrick-fontaine.com\/blog\/wp-content\/uploads\/2025\/10\/carre_monbanquet.webp?resize=150%2C150&amp;ssl=1 150w, https:\/\/i0.wp.com\/patrick-fontaine.com\/blog\/wp-content\/uploads\/2025\/10\/carre_monbanquet.webp?resize=768%2C768&amp;ssl=1 768w, https:\/\/i0.wp.com\/patrick-fontaine.com\/blog\/wp-content\/uploads\/2025\/10\/carre_monbanquet.webp?resize=100%2C100&amp;ssl=1 100w\" sizes=\"auto, 100vw\" \/><\/a><\/div><a class=\"wp-block-latest-posts__post-title\" href=\"https:\/\/patrick-fontaine.com\/blog\/2022\/11\/25\/monbanquet-fr\/\">MonBanquet.fr<\/a><div class=\"wp-block-latest-posts__post-excerpt\">Conception de pictogrammes, de maquettes de flyers et packaging pour MonBanquet.fr.<\/div><\/li>\n<li><div class=\"wp-block-latest-posts__featured-image\"><a href=\"https:\/\/patrick-fontaine.com\/blog\/2021\/10\/15\/semeuses-de-joie\/\" aria-label=\"Semeuses de Joie\"><img loading=\"lazy\" decoding=\"async\" width=\"525\" height=\"525\" src=\"https:\/\/i0.wp.com\/patrick-fontaine.com\/blog\/wp-content\/uploads\/2025\/10\/carre_semeuses.webp?fit=525%2C525&amp;ssl=1\" class=\"attachment-large size-large wp-post-image\" alt=\"\" style=\"\" srcset=\"https:\/\/i0.wp.com\/patrick-fontaine.com\/blog\/wp-content\/uploads\/2025\/10\/carre_semeuses.webp?w=1080&amp;ssl=1 1080w, https:\/\/i0.wp.com\/patrick-fontaine.com\/blog\/wp-content\/uploads\/2025\/10\/carre_semeuses.webp?resize=300%2C300&amp;ssl=1 300w, https:\/\/i0.wp.com\/patrick-fontaine.com\/blog\/wp-content\/uploads\/2025\/10\/carre_semeuses.webp?resize=1024%2C1024&amp;ssl=1 1024w, https:\/\/i0.wp.com\/patrick-fontaine.com\/blog\/wp-content\/uploads\/2025\/10\/carre_semeuses.webp?resize=150%2C150&amp;ssl=1 150w, https:\/\/i0.wp.com\/patrick-fontaine.com\/blog\/wp-content\/uploads\/2025\/10\/carre_semeuses.webp?resize=768%2C768&amp;ssl=1 768w, https:\/\/i0.wp.com\/patrick-fontaine.com\/blog\/wp-content\/uploads\/2025\/10\/carre_semeuses.webp?resize=100%2C100&amp;ssl=1 100w\" sizes=\"auto, 100vw\" \/><\/a><\/div><a class=\"wp-block-latest-posts__post-title\" href=\"https:\/\/patrick-fontaine.com\/blog\/2021\/10\/15\/semeuses-de-joie\/\">Semeuses de Joie<\/a><div class=\"wp-block-latest-posts__post-excerpt\">Conception (identit\u00e9 visuelle et maquette) d&rsquo;un livre d&rsquo;art.<\/div><\/li>\n<li><div class=\"wp-block-latest-posts__featured-image\"><a href=\"https:\/\/patrick-fontaine.com\/blog\/2020\/10\/16\/galaxy-lead-dashboard\/\" aria-label=\"Galaxy Lead Dashboard\"><img loading=\"lazy\" decoding=\"async\" width=\"525\" height=\"526\" src=\"https:\/\/i0.wp.com\/patrick-fontaine.com\/blog\/wp-content\/uploads\/2025\/10\/carre_galaxy.webp?fit=525%2C526&amp;ssl=1\" class=\"attachment-large size-large wp-post-image\" alt=\"\" style=\"\" srcset=\"https:\/\/i0.wp.com\/patrick-fontaine.com\/blog\/wp-content\/uploads\/2025\/10\/carre_galaxy.webp?w=686&amp;ssl=1 686w, https:\/\/i0.wp.com\/patrick-fontaine.com\/blog\/wp-content\/uploads\/2025\/10\/carre_galaxy.webp?resize=300%2C300&amp;ssl=1 300w, https:\/\/i0.wp.com\/patrick-fontaine.com\/blog\/wp-content\/uploads\/2025\/10\/carre_galaxy.webp?resize=150%2C150&amp;ssl=1 150w, https:\/\/i0.wp.com\/patrick-fontaine.com\/blog\/wp-content\/uploads\/2025\/10\/carre_galaxy.webp?resize=100%2C100&amp;ssl=1 100w\" sizes=\"auto, 100vw\" \/><\/a><\/div><a class=\"wp-block-latest-posts__post-title\" href=\"https:\/\/patrick-fontaine.com\/blog\/2020\/10\/16\/galaxy-lead-dashboard\/\">Galaxy Lead Dashboard<\/a><div class=\"wp-block-latest-posts__post-excerpt\">UI design du logiciel Galaxy Lead Dashboard.<\/div><\/li>\n<li><div class=\"wp-block-latest-posts__featured-image\"><a href=\"https:\/\/patrick-fontaine.com\/blog\/2020\/09\/20\/infographies\/\" aria-label=\"Infographies\"><img loading=\"lazy\" decoding=\"async\" width=\"525\" height=\"525\" src=\"https:\/\/i0.wp.com\/patrick-fontaine.com\/blog\/wp-content\/uploads\/2025\/10\/carre_infographic.webp?fit=525%2C525&amp;ssl=1\" class=\"attachment-large size-large wp-post-image\" alt=\"\" style=\"\" srcset=\"https:\/\/i0.wp.com\/patrick-fontaine.com\/blog\/wp-content\/uploads\/2025\/10\/carre_infographic.webp?w=1080&amp;ssl=1 1080w, https:\/\/i0.wp.com\/patrick-fontaine.com\/blog\/wp-content\/uploads\/2025\/10\/carre_infographic.webp?resize=300%2C300&amp;ssl=1 300w, https:\/\/i0.wp.com\/patrick-fontaine.com\/blog\/wp-content\/uploads\/2025\/10\/carre_infographic.webp?resize=1024%2C1024&amp;ssl=1 1024w, https:\/\/i0.wp.com\/patrick-fontaine.com\/blog\/wp-content\/uploads\/2025\/10\/carre_infographic.webp?resize=150%2C150&amp;ssl=1 150w, https:\/\/i0.wp.com\/patrick-fontaine.com\/blog\/wp-content\/uploads\/2025\/10\/carre_infographic.webp?resize=768%2C768&amp;ssl=1 768w, https:\/\/i0.wp.com\/patrick-fontaine.com\/blog\/wp-content\/uploads\/2025\/10\/carre_infographic.webp?resize=100%2C100&amp;ssl=1 100w\" sizes=\"auto, 100vw\" \/><\/a><\/div><a class=\"wp-block-latest-posts__post-title\" href=\"https:\/\/patrick-fontaine.com\/blog\/2020\/09\/20\/infographies\/\">Infographies<\/a><div class=\"wp-block-latest-posts__post-excerpt\">Conception d&rsquo;infographies pour divers gros comptes.<\/div><\/li>\n<li><div class=\"wp-block-latest-posts__featured-image\"><a href=\"https:\/\/patrick-fontaine.com\/blog\/2020\/06\/01\/internet-of-things\/\" aria-label=\"Internet of Things\"><img loading=\"lazy\" decoding=\"async\" width=\"525\" height=\"525\" src=\"https:\/\/i0.wp.com\/patrick-fontaine.com\/blog\/wp-content\/uploads\/2024\/10\/presentation_iot.webp?fit=525%2C525&amp;ssl=1\" class=\"attachment-large size-large wp-post-image\" alt=\"\" style=\"\" srcset=\"https:\/\/i0.wp.com\/patrick-fontaine.com\/blog\/wp-content\/uploads\/2024\/10\/presentation_iot.webp?w=1080&amp;ssl=1 1080w, https:\/\/i0.wp.com\/patrick-fontaine.com\/blog\/wp-content\/uploads\/2024\/10\/presentation_iot.webp?resize=300%2C300&amp;ssl=1 300w, https:\/\/i0.wp.com\/patrick-fontaine.com\/blog\/wp-content\/uploads\/2024\/10\/presentation_iot.webp?resize=1024%2C1024&amp;ssl=1 1024w, https:\/\/i0.wp.com\/patrick-fontaine.com\/blog\/wp-content\/uploads\/2024\/10\/presentation_iot.webp?resize=150%2C150&amp;ssl=1 150w, https:\/\/i0.wp.com\/patrick-fontaine.com\/blog\/wp-content\/uploads\/2024\/10\/presentation_iot.webp?resize=768%2C768&amp;ssl=1 768w, https:\/\/i0.wp.com\/patrick-fontaine.com\/blog\/wp-content\/uploads\/2024\/10\/presentation_iot.webp?resize=100%2C100&amp;ssl=1 100w\" sizes=\"auto, 100vw\" \/><\/a><\/div><a class=\"wp-block-latest-posts__post-title\" href=\"https:\/\/patrick-fontaine.com\/blog\/2020\/06\/01\/internet-of-things\/\">Internet of Things<\/a><div class=\"wp-block-latest-posts__post-excerpt\">Conception de l&rsquo;identit\u00e9 visuelle de la marque Internet of Things de Silicon.<\/div><\/li>\n<li><div class=\"wp-block-latest-posts__featured-image\"><a href=\"https:\/\/patrick-fontaine.com\/blog\/2018\/03\/12\/silicon\/\" aria-label=\"Silicon\"><img loading=\"lazy\" decoding=\"async\" width=\"525\" height=\"525\" src=\"https:\/\/i0.wp.com\/patrick-fontaine.com\/blog\/wp-content\/uploads\/2025\/10\/carre_silicon.webp?fit=525%2C525&amp;ssl=1\" class=\"attachment-large size-large wp-post-image\" alt=\"\" style=\"\" srcset=\"https:\/\/i0.wp.com\/patrick-fontaine.com\/blog\/wp-content\/uploads\/2025\/10\/carre_silicon.webp?w=1080&amp;ssl=1 1080w, https:\/\/i0.wp.com\/patrick-fontaine.com\/blog\/wp-content\/uploads\/2025\/10\/carre_silicon.webp?resize=300%2C300&amp;ssl=1 300w, https:\/\/i0.wp.com\/patrick-fontaine.com\/blog\/wp-content\/uploads\/2025\/10\/carre_silicon.webp?resize=1024%2C1024&amp;ssl=1 1024w, https:\/\/i0.wp.com\/patrick-fontaine.com\/blog\/wp-content\/uploads\/2025\/10\/carre_silicon.webp?resize=150%2C150&amp;ssl=1 150w, https:\/\/i0.wp.com\/patrick-fontaine.com\/blog\/wp-content\/uploads\/2025\/10\/carre_silicon.webp?resize=768%2C768&amp;ssl=1 768w, https:\/\/i0.wp.com\/patrick-fontaine.com\/blog\/wp-content\/uploads\/2025\/10\/carre_silicon.webp?resize=100%2C100&amp;ssl=1 100w\" sizes=\"auto, 100vw\" \/><\/a><\/div><a class=\"wp-block-latest-posts__post-title\" href=\"https:\/\/patrick-fontaine.com\/blog\/2018\/03\/12\/silicon\/\">Silicon<\/a><div class=\"wp-block-latest-posts__post-excerpt\">Redesign du site web Silicon.<\/div><\/li>\n<\/ul><\/div><\/div>\n","protected":false},"excerpt":{"rendered":"<p>Graphisme Retrouvez une partie de mes projets de design dans cette rubrique. Si mon profil vous int\u00e9resse, je suis disponible pour vous accompagner dans vos projets&#160;: contact.N&rsquo;h\u00e9sitez pas \u00e0 regarder \u00e9galement mes travaux artistiques.<\/p>\n","protected":false},"author":1,"featured_media":0,"parent":0,"menu_order":0,"comment_status":"closed","ping_status":"closed","template":"","meta":{"_editorskit_title_hidden":true,"_editorskit_reading_time":0,"_editorskit_is_block_options_detached":false,"_editorskit_block_options_position":"{}","inline_featured_image":false,"jetpack_post_was_ever_published":false,"footnotes":""},"class_list":["post-349","page","type-page","status-publish","hentry"],"yoast_head":"<!-- This site is optimized with the Yoast SEO plugin v27.5 - https:\/\/yoast.com\/product\/yoast-seo-wordpress\/ -->\n<title>Graphisme - Patrick Fontaine<\/title>\n<meta name=\"robots\" content=\"index, follow, max-snippet:-1, max-image-preview:large, max-video-preview:-1\" \/>\n<link rel=\"canonical\" href=\"https:\/\/patrick-fontaine.com\/blog\/graphisme\/\" \/>\n<meta property=\"og:locale\" content=\"fr_FR\" \/>\n<meta property=\"og:type\" content=\"article\" \/>\n<meta property=\"og:title\" content=\"Graphisme - Patrick Fontaine\" \/>\n<meta property=\"og:description\" content=\"Graphisme Retrouvez une partie de mes projets de design dans cette rubrique. Si mon profil vous int\u00e9resse, je suis disponible pour vous accompagner dans vos projets&#160;: contact.N&rsquo;h\u00e9sitez pas \u00e0 regarder \u00e9galement mes travaux artistiques.\" \/>\n<meta property=\"og:url\" content=\"https:\/\/patrick-fontaine.com\/blog\/graphisme\/\" \/>\n<meta property=\"og:site_name\" content=\"Patrick Fontaine\" \/>\n<meta property=\"article:modified_time\" content=\"2025-10-20T15:09:22+00:00\" \/>\n<meta name=\"twitter:card\" content=\"summary_large_image\" \/>\n<meta name=\"twitter:site\" content=\"@hello_patrickf\" \/>\n<meta name=\"twitter:label1\" content=\"Dur\u00e9e de lecture estim\u00e9e\" \/>\n\t<meta name=\"twitter:data1\" content=\"1 minute\" \/>\n<script type=\"application\/ld+json\" class=\"yoast-schema-graph\">{\"@context\":\"https:\\\/\\\/schema.org\",\"@graph\":[{\"@type\":\"WebPage\",\"@id\":\"https:\\\/\\\/patrick-fontaine.com\\\/blog\\\/graphisme\\\/\",\"url\":\"https:\\\/\\\/patrick-fontaine.com\\\/blog\\\/graphisme\\\/\",\"name\":\"Graphisme - Patrick Fontaine\",\"isPartOf\":{\"@id\":\"https:\\\/\\\/patrick-fontaine.com\\\/blog\\\/#website\"},\"datePublished\":\"2018-03-13T11:57:21+00:00\",\"dateModified\":\"2025-10-20T15:09:22+00:00\",\"breadcrumb\":{\"@id\":\"https:\\\/\\\/patrick-fontaine.com\\\/blog\\\/graphisme\\\/#breadcrumb\"},\"inLanguage\":\"fr-FR\",\"potentialAction\":[{\"@type\":\"ReadAction\",\"target\":[\"https:\\\/\\\/patrick-fontaine.com\\\/blog\\\/graphisme\\\/\"]}]},{\"@type\":\"BreadcrumbList\",\"@id\":\"https:\\\/\\\/patrick-fontaine.com\\\/blog\\\/graphisme\\\/#breadcrumb\",\"itemListElement\":[{\"@type\":\"ListItem\",\"position\":1,\"name\":\"Accueil\",\"item\":\"https:\\\/\\\/patrick-fontaine.com\\\/blog\\\/\"},{\"@type\":\"ListItem\",\"position\":2,\"name\":\"Graphisme\"}]},{\"@type\":\"WebSite\",\"@id\":\"https:\\\/\\\/patrick-fontaine.com\\\/blog\\\/#website\",\"url\":\"https:\\\/\\\/patrick-fontaine.com\\\/blog\\\/\",\"name\":\"Patrick Fontaine\",\"description\":\"et son petit blog illustr\u00e9\",\"publisher\":{\"@id\":\"https:\\\/\\\/patrick-fontaine.com\\\/blog\\\/#\\\/schema\\\/person\\\/05b8f7de3dccdbb9c2b5cbe9922bfa71\"},\"potentialAction\":[{\"@type\":\"SearchAction\",\"target\":{\"@type\":\"EntryPoint\",\"urlTemplate\":\"https:\\\/\\\/patrick-fontaine.com\\\/blog\\\/?s={search_term_string}\"},\"query-input\":{\"@type\":\"PropertyValueSpecification\",\"valueRequired\":true,\"valueName\":\"search_term_string\"}}],\"inLanguage\":\"fr-FR\"},{\"@type\":[\"Person\",\"Organization\"],\"@id\":\"https:\\\/\\\/patrick-fontaine.com\\\/blog\\\/#\\\/schema\\\/person\\\/05b8f7de3dccdbb9c2b5cbe9922bfa71\",\"name\":\"Patrick Fontaine\",\"image\":{\"@type\":\"ImageObject\",\"inLanguage\":\"fr-FR\",\"@id\":\"https:\\\/\\\/patrick-fontaine.com\\\/blog\\\/wp-content\\\/uploads\\\/2018\\\/03\\\/logo_serpent.png\",\"url\":\"https:\\\/\\\/patrick-fontaine.com\\\/blog\\\/wp-content\\\/uploads\\\/2018\\\/03\\\/logo_serpent.png\",\"contentUrl\":\"https:\\\/\\\/patrick-fontaine.com\\\/blog\\\/wp-content\\\/uploads\\\/2018\\\/03\\\/logo_serpent.png\",\"width\":2000,\"height\":1200,\"caption\":\"Patrick Fontaine\"},\"logo\":{\"@id\":\"https:\\\/\\\/patrick-fontaine.com\\\/blog\\\/wp-content\\\/uploads\\\/2018\\\/03\\\/logo_serpent.png\"}}]}<\/script>\n<!-- \/ Yoast SEO plugin. -->","yoast_head_json":{"title":"Graphisme - Patrick Fontaine","robots":{"index":"index","follow":"follow","max-snippet":"max-snippet:-1","max-image-preview":"max-image-preview:large","max-video-preview":"max-video-preview:-1"},"canonical":"https:\/\/patrick-fontaine.com\/blog\/graphisme\/","og_locale":"fr_FR","og_type":"article","og_title":"Graphisme - Patrick Fontaine","og_description":"Graphisme Retrouvez une partie de mes projets de design dans cette rubrique. Si mon profil vous int\u00e9resse, je suis disponible pour vous accompagner dans vos projets&#160;: contact.N&rsquo;h\u00e9sitez pas \u00e0 regarder \u00e9galement mes travaux artistiques.","og_url":"https:\/\/patrick-fontaine.com\/blog\/graphisme\/","og_site_name":"Patrick Fontaine","article_modified_time":"2025-10-20T15:09:22+00:00","twitter_card":"summary_large_image","twitter_site":"@hello_patrickf","twitter_misc":{"Dur\u00e9e de lecture estim\u00e9e":"1 minute"},"schema":{"@context":"https:\/\/schema.org","@graph":[{"@type":"WebPage","@id":"https:\/\/patrick-fontaine.com\/blog\/graphisme\/","url":"https:\/\/patrick-fontaine.com\/blog\/graphisme\/","name":"Graphisme - Patrick Fontaine","isPartOf":{"@id":"https:\/\/patrick-fontaine.com\/blog\/#website"},"datePublished":"2018-03-13T11:57:21+00:00","dateModified":"2025-10-20T15:09:22+00:00","breadcrumb":{"@id":"https:\/\/patrick-fontaine.com\/blog\/graphisme\/#breadcrumb"},"inLanguage":"fr-FR","potentialAction":[{"@type":"ReadAction","target":["https:\/\/patrick-fontaine.com\/blog\/graphisme\/"]}]},{"@type":"BreadcrumbList","@id":"https:\/\/patrick-fontaine.com\/blog\/graphisme\/#breadcrumb","itemListElement":[{"@type":"ListItem","position":1,"name":"Accueil","item":"https:\/\/patrick-fontaine.com\/blog\/"},{"@type":"ListItem","position":2,"name":"Graphisme"}]},{"@type":"WebSite","@id":"https:\/\/patrick-fontaine.com\/blog\/#website","url":"https:\/\/patrick-fontaine.com\/blog\/","name":"Patrick Fontaine","description":"et son petit blog illustr\u00e9","publisher":{"@id":"https:\/\/patrick-fontaine.com\/blog\/#\/schema\/person\/05b8f7de3dccdbb9c2b5cbe9922bfa71"},"potentialAction":[{"@type":"SearchAction","target":{"@type":"EntryPoint","urlTemplate":"https:\/\/patrick-fontaine.com\/blog\/?s={search_term_string}"},"query-input":{"@type":"PropertyValueSpecification","valueRequired":true,"valueName":"search_term_string"}}],"inLanguage":"fr-FR"},{"@type":["Person","Organization"],"@id":"https:\/\/patrick-fontaine.com\/blog\/#\/schema\/person\/05b8f7de3dccdbb9c2b5cbe9922bfa71","name":"Patrick Fontaine","image":{"@type":"ImageObject","inLanguage":"fr-FR","@id":"https:\/\/patrick-fontaine.com\/blog\/wp-content\/uploads\/2018\/03\/logo_serpent.png","url":"https:\/\/patrick-fontaine.com\/blog\/wp-content\/uploads\/2018\/03\/logo_serpent.png","contentUrl":"https:\/\/patrick-fontaine.com\/blog\/wp-content\/uploads\/2018\/03\/logo_serpent.png","width":2000,"height":1200,"caption":"Patrick Fontaine"},"logo":{"@id":"https:\/\/patrick-fontaine.com\/blog\/wp-content\/uploads\/2018\/03\/logo_serpent.png"}}]}},"jetpack_sharing_enabled":true,"jetpack_shortlink":"https:\/\/wp.me\/P9JLro-5D","jetpack_likes_enabled":false,"_links":{"self":[{"href":"https:\/\/patrick-fontaine.com\/blog\/wp-json\/wp\/v2\/pages\/349","targetHints":{"allow":["GET"]}}],"collection":[{"href":"https:\/\/patrick-fontaine.com\/blog\/wp-json\/wp\/v2\/pages"}],"about":[{"href":"https:\/\/patrick-fontaine.com\/blog\/wp-json\/wp\/v2\/types\/page"}],"author":[{"embeddable":true,"href":"https:\/\/patrick-fontaine.com\/blog\/wp-json\/wp\/v2\/users\/1"}],"replies":[{"embeddable":true,"href":"https:\/\/patrick-fontaine.com\/blog\/wp-json\/wp\/v2\/comments?post=349"}],"version-history":[{"count":20,"href":"https:\/\/patrick-fontaine.com\/blog\/wp-json\/wp\/v2\/pages\/349\/revisions"}],"predecessor-version":[{"id":10743,"href":"https:\/\/patrick-fontaine.com\/blog\/wp-json\/wp\/v2\/pages\/349\/revisions\/10743"}],"wp:attachment":[{"href":"https:\/\/patrick-fontaine.com\/blog\/wp-json\/wp\/v2\/media?parent=349"}],"curies":[{"name":"wp","href":"https:\/\/api.w.org\/{rel}","templated":true}]}}